{"id":7498,"date":"2020-09-25T11:51:10","date_gmt":"2020-09-25T08:51:10","guid":{"rendered":"https:\/\/alfadestek.com\/birlikasansor\/?page_id=7498"},"modified":"2020-11-11T17:17:35","modified_gmt":"2020-11-11T14:17:35","slug":"iletisim","status":"publish","type":"page","link":"https:\/\/www.bilgenmobilya.com.tr\/?page_id=7498","title":{"rendered":"\u0130LET\u0130\u015e\u0130M"},"content":{"rendered":"<p>[vc_row][vc_column][vc_column_text]Kal\u0131m Sokak No: 8\/A Siteler \u2013 Alt\u0131nda\u011f \u2013 ANKARA<\/p>\n<p>Tel: 0 312 437 02 67<\/p>\n<p>Tel: 0 533 523 39 80<\/p>\n<p>E-mail: info@bilgenmobilya.com[\/vc_column_text][\/vc_column][\/vc_row][vc_row full_width=&#8221;stretch_row_content_no_spaces&#8221;][vc_column][vc_gmaps link=&#8221;#E-8_JTNDaWZyYW1lJTIwc3JjJTNEJTIyaHR0cHMlM0ElMkYlMkZ3d3cuZ29vZ2xlLmNvbSUyRm1hcHMlMkZlbWJlZCUzRnBiJTNEJTIxMW0xOCUyMTFtMTIlMjExbTMlMjExZDMwNTguMDMxMjQ2ODA1OTA2NCUyMTJkMzIuODk2NTc2MzE1NjM4ODk2JTIxM2QzOS45NjMwNTQwOTEwMjkyMiUyMTJtMyUyMTFmMCUyMTJmMCUyMTNmMCUyMTNtMiUyMTFpMTAyNCUyMTJpNzY4JTIxNGYxMy4xJTIxM20zJTIxMW0yJTIxMXMweDE0ZDM1Mjc1NTYwYjQzNjclMjUzQTB4MzllNGQ4ZDJkY2JlZGM2JTIxMnpWV3gxWW1WNUxDQkxZV3pFc1cwZ1Uyc3VJRTV2T2pnc0lEQTJNell3SUVGc2RNU3hibVJoeEo4dlFXNXJZWEpoJTIxNWUwJTIxM20yJTIxMXN0ciUyMTJzdHIlMjE0djE2MDUxMDQzMzc2MjglMjE1bTIlMjExc3RyJTIxMnN0ciUyMiUyMHdpZHRoJTNEJTIyMTAwJTI1JTIyJTIwaGVpZ2h0JTNEJTIyNDUwJTIyJTIwZnJhbWVib3JkZXIlM0QlMjIwJTIyJTIwc3R5bGUlM0QlMjJib3JkZXIlM0EwJTNCJTIyJTIwYWxsb3dmdWxsc2NyZWVuJTNEJTIyJTIyJTIwYXJpYS1oaWRkZW4lM0QlMjJmYWxzZSUyMiUyMHRhYmluZGV4JTNEJTIyMCUyMiUzRSUzQyUyRmlmcmFtZSUzRQ==&#8221;][\/vc_column][\/vc_row]<\/p>\n","protected":false},"excerpt":{"rendered":"<p>[vc_row][vc_column][vc_column_text]Kal\u0131m Sokak No: 8\/A Siteler \u2013 Alt\u0131nda\u011f \u2013 ANKARA Tel: 0 312 437 02 67 Tel: 0 533 523 39 [&hellip;]<\/p>\n","protected":false},"author":1,"featured_media":0,"parent":0,"menu_order":0,"comment_status":"closed","ping_status":"closed","template":"","meta":[],"_links":{"self":[{"href":"https:\/\/www.bilgenmobilya.com.tr\/index.php?rest_route=\/wp\/v2\/pages\/7498"}],"collection":[{"href":"https:\/\/www.bilgenmobilya.com.tr\/index.php?rest_route=\/wp\/v2\/pages"}],"about":[{"href":"https:\/\/www.bilgenmobilya.com.tr\/index.php?rest_route=\/wp\/v2\/types\/page"}],"author":[{"embeddable":true,"href":"https:\/\/www.bilgenmobilya.com.tr\/index.php?rest_route=\/wp\/v2\/users\/1"}],"replies":[{"embeddable":true,"href":"https:\/\/www.bilgenmobilya.com.tr\/index.php?rest_route=%2Fwp%2Fv2%2Fcomments&post=7498"}],"version-history":[{"count":5,"href":"https:\/\/www.bilgenmobilya.com.tr\/index.php?rest_route=\/wp\/v2\/pages\/7498\/revisions"}],"predecessor-version":[{"id":7613,"href":"https:\/\/www.bilgenmobilya.com.tr\/index.php?rest_route=\/wp\/v2\/pages\/7498\/revisions\/7613"}],"wp:attachment":[{"href":"https:\/\/www.bilgenmobilya.com.tr\/index.php?rest_route=%2Fwp%2Fv2%2Fmedia&parent=7498"}],"curies":[{"name":"wp","href":"https:\/\/api.w.org\/{rel}","templated":true}]}}