{"id":7421,"date":"2019-04-24T12:52:16","date_gmt":"2019-04-24T09:52:16","guid":{"rendered":"https:\/\/www.ekko-wp.com\/demo-content\/?page_id=7421"},"modified":"2023-12-15T17:20:47","modified_gmt":"2023-12-15T14:20:47","slug":"home-corporate","status":"publish","type":"page","link":"https:\/\/www.bilgenmobilya.com.tr\/","title":{"rendered":"ANASAYFA"},"content":{"rendered":"<p>[vc_row el_class=&#8221;under-menu-topbar&#8221;][vc_column][rev_slider_vc alias=&#8221;corporate-slider&#8221;][\/vc_column][\/vc_row][vc_row full_width=&#8221;stretch_row&#8221; gap=&#8221;35&#8243; css=&#8221;.vc_custom_1605106876302{padding-top: 130px !important;padding-bottom: 132px !important;background-color: #f6f6f6 !important;}&#8221;][vc_column css=&#8221;.vc_custom_1516008777154{padding-right: 0px !important;padding-left: 0px !important;}&#8221;][vc_row_inner][vc_column_inner]<header class=\"kd-section-title vc_col-lg-6 vc_col-sm-8 text-left dotted-line sep-border-width-3  kd-animated fadeIn   vc_custom_1605106691416\" data-animation-delay=200><div class=\"kd-separator above_title\" ><div class=\"kd-separator-line\" style=\"border-color:#dd3333\"><\/div><\/div><h2 class=\"separator_on\" >Kalite ve \u00f6zg\u00fcvenini yitirmeden halk\u0131m\u0131za hizmet veriyoruz.<\/h2><\/header>[vc_column_text]Kuruldu\u011fu ilk g\u00fcnden bug\u00fcne dek s\u00fcrekli geli\u015fimi ilke edinmi\u015f ve her ge\u00e7en y\u0131l hedeflerine ve ba\u015far\u0131lar\u0131na bir yenisini eklemeyi ba\u015farm\u0131\u015ft\u0131r.<\/p>\n<p>Sekt\u00f6rel bilgi birikimi ve \u00f6zg\u00fcn tasar\u0131m anlay\u0131\u015f\u0131yla zaman\u0131n eskitemeyece\u011fi i\u00e7inde estetik ruh bar\u0131nd\u0131ran klasik mobilyalar \u00fcretmektedir.<\/p>\n<p>Benzersiz tasar\u0131mlar\u0131 ile sekt\u00f6rde ad\u0131ndan s\u0131k\u00e7a s\u00f6z ettirmeyi ba\u015farm\u0131\u015f; ulusal ve uluslararas\u0131 pazarda hat\u0131r\u0131 say\u0131l\u0131r bir marka haline gelmi\u015ftir.[\/vc_column_text][\/vc_column_inner][\/vc_row_inner][\/vc_column][\/vc_row][vc_row full_width=&#8221;stretch_row_content_no_spaces&#8221;][vc_column][vc_row_inner css=&#8221;.vc_custom_1550594307550{padding-bottom: 60px !important;}&#8221;][vc_column_inner width=&#8221;1\/4&#8243;]<div class=\"kd-photobox kd-animated zoomIn \" ><a href=\"https:\/\/www.bilgenmobilya.com.tr\/?page_id=7670\"  title=\"\u00dcR\u00dcNLER\"><div class=\"photobox-img\"><img width=\"500\" height=\"350\" src=\"https:\/\/www.bilgenmobilya.com.tr\/wp-content\/uploads\/2020\/11\/4.jpg\" class=\"attachment-full\" alt=\"\" loading=\"lazy\" srcset=\"https:\/\/www.bilgenmobilya.com.tr\/wp-content\/uploads\/2020\/11\/4.jpg 500w, https:\/\/www.bilgenmobilya.com.tr\/wp-content\/uploads\/2020\/11\/4-300x210.jpg 300w\" sizes=\"(max-width: 500px) 100vw, 500px\" \/><\/div><div class=\"phb-content text-left \" >\n                  <h5 >Mutfak<\/h5>\n                  <p ><\/p><\/div><\/a><\/div>[\/vc_column_inner][vc_column_inner width=&#8221;1\/4&#8243;]<div class=\"kd-photobox  \" ><a href=\"https:\/\/www.bilgenmobilya.com.tr\/?page_id=7700\"  title=\"\u00dcR\u00dcNLER\"><div class=\"photobox-img\"><img width=\"500\" height=\"350\" src=\"https:\/\/www.bilgenmobilya.com.tr\/wp-content\/uploads\/2020\/11\/5.jpg\" class=\"attachment-full\" alt=\"\" loading=\"lazy\" srcset=\"https:\/\/www.bilgenmobilya.com.tr\/wp-content\/uploads\/2020\/11\/5.jpg 500w, https:\/\/www.bilgenmobilya.com.tr\/wp-content\/uploads\/2020\/11\/5-300x210.jpg 300w\" sizes=\"(max-width: 500px) 100vw, 500px\" \/><\/div><div class=\"phb-content text-left \" >\n                  <h5 >\u00d6zel Tasar\u0131mlar<\/h5>\n                  <p ><\/p><\/div><\/a><\/div>[\/vc_column_inner][vc_column_inner width=&#8221;1\/4&#8243;]<div class=\"kd-photobox  \" ><a href=\"https:\/\/www.bilgenmobilya.com.tr\/?page_id=7757\"  title=\"\u00dcR\u00dcNLER\"><div class=\"photobox-img\"><img width=\"500\" height=\"350\" src=\"https:\/\/www.bilgenmobilya.com.tr\/wp-content\/uploads\/2020\/11\/6.jpg\" class=\"attachment-full\" alt=\"\" loading=\"lazy\" srcset=\"https:\/\/www.bilgenmobilya.com.tr\/wp-content\/uploads\/2020\/11\/6.jpg 500w, https:\/\/www.bilgenmobilya.com.tr\/wp-content\/uploads\/2020\/11\/6-300x210.jpg 300w\" sizes=\"(max-width: 500px) 100vw, 500px\" \/><\/div><div class=\"phb-content text-left \" >\n                  <h5 >Yatak Odas\u0131<\/h5>\n                  <p ><\/p><\/div><\/a><\/div>[\/vc_column_inner][vc_column_inner width=&#8221;1\/4&#8243;]<div class=\"kd-photobox kd-animated zoomIn \" ><a href=\"https:\/\/www.bilgenmobilya.com.tr\/?page_id=7635\"  title=\"\u00dcR\u00dcNLER\"><div class=\"photobox-img\"><img width=\"500\" height=\"350\" src=\"https:\/\/www.bilgenmobilya.com.tr\/wp-content\/uploads\/2020\/11\/1.jpg\" class=\"attachment-full\" alt=\"\" loading=\"lazy\" srcset=\"https:\/\/www.bilgenmobilya.com.tr\/wp-content\/uploads\/2020\/11\/1.jpg 500w, https:\/\/www.bilgenmobilya.com.tr\/wp-content\/uploads\/2020\/11\/1-300x210.jpg 300w\" sizes=\"(max-width: 500px) 100vw, 500px\" \/><\/div><div class=\"phb-content text-left \" >\n                  <h5 >Banyo<\/h5>\n                  <p ><\/p><\/div><\/a><\/div>[\/vc_column_inner][\/vc_row_inner][\/vc_column][\/vc_row][vc_row full_width=&#8221;stretch_row_content_no_spaces&#8221;][vc_column][vc_row_inner css=&#8221;.vc_custom_1550594307550{padding-bottom: 60px !important;}&#8221;][vc_column_inner width=&#8221;1\/4&#8243;]<div class=\"kd-photobox  \" ><a href=\"https:\/\/www.bilgenmobilya.com.tr\/?page_id=7644\"  title=\"\u00dcR\u00dcNLER\"><div class=\"photobox-img\"><img width=\"500\" height=\"350\" src=\"https:\/\/www.bilgenmobilya.com.tr\/wp-content\/uploads\/2020\/11\/2.jpg\" class=\"attachment-full\" alt=\"\" loading=\"lazy\" srcset=\"https:\/\/www.bilgenmobilya.com.tr\/wp-content\/uploads\/2020\/11\/2.jpg 500w, https:\/\/www.bilgenmobilya.com.tr\/wp-content\/uploads\/2020\/11\/2-300x210.jpg 300w\" sizes=\"(max-width: 500px) 100vw, 500px\" \/><\/div><div class=\"phb-content text-left \" >\n                  <h5 >Duvar \u00dcnitesi<\/h5>\n                  <p ><\/p><\/div><\/a><\/div>[\/vc_column_inner][vc_column_inner width=&#8221;1\/4&#8243;]<div class=\"kd-photobox  \" ><a href=\"https:\/\/www.bilgenmobilya.com.tr\/?page_id=7654\"  title=\"\u00dcR\u00dcNLER\"><div class=\"photobox-img\"><img width=\"500\" height=\"350\" src=\"https:\/\/www.bilgenmobilya.com.tr\/wp-content\/uploads\/2020\/11\/3.jpg\" class=\"attachment-full\" alt=\"\" loading=\"lazy\" srcset=\"https:\/\/www.bilgenmobilya.com.tr\/wp-content\/uploads\/2020\/11\/3.jpg 500w, https:\/\/www.bilgenmobilya.com.tr\/wp-content\/uploads\/2020\/11\/3-300x210.jpg 300w\" sizes=\"(max-width: 500px) 100vw, 500px\" \/><\/div><div class=\"phb-content text-left \" >\n                  <h5 >Kitapl\u0131k<\/h5>\n                  <p ><\/p><\/div><\/a><\/div>[\/vc_column_inner][vc_column_inner width=&#8221;1\/4&#8243;]<div class=\"kd-photobox  \" ><a href=\"https:\/\/www.bilgenmobilya.com.tr\/?page_id=7739\"  title=\"\u00dcR\u00dcNLER\"><div class=\"photobox-img\"><img width=\"500\" height=\"350\" src=\"https:\/\/www.bilgenmobilya.com.tr\/wp-content\/uploads\/2020\/11\/7.jpg\" class=\"attachment-full\" alt=\"\" loading=\"lazy\" srcset=\"https:\/\/www.bilgenmobilya.com.tr\/wp-content\/uploads\/2020\/11\/7.jpg 500w, https:\/\/www.bilgenmobilya.com.tr\/wp-content\/uploads\/2020\/11\/7-300x210.jpg 300w\" sizes=\"(max-width: 500px) 100vw, 500px\" \/><\/div><div class=\"phb-content text-left \" >\n                  <h5 >Vestiyer<\/h5>\n                  <p ><\/p><\/div><\/a><\/div>[\/vc_column_inner][vc_column_inner width=&#8221;1\/4&#8243;][\/vc_column_inner][\/vc_row_inner][vc_gmaps link=&#8221;#E-8_JTNDaWZyYW1lJTIwc3JjJTNEJTIyaHR0cHMlM0ElMkYlMkZ3d3cuZ29vZ2xlLmNvbSUyRm1hcHMlMkZlbWJlZCUzRnBiJTNEJTIxMW0xOCUyMTFtMTIlMjExbTMlMjExZDMwNTguMDMxMjQ2ODA1OTA2NCUyMTJkMzIuODk2NTc2MzE1NjM4ODk2JTIxM2QzOS45NjMwNTQwOTEwMjkyMiUyMTJtMyUyMTFmMCUyMTJmMCUyMTNmMCUyMTNtMiUyMTFpMTAyNCUyMTJpNzY4JTIxNGYxMy4xJTIxM20zJTIxMW0yJTIxMXMweDE0ZDM1Mjc1NTYwYjQzNjclMjUzQTB4MzllNGQ4ZDJkY2JlZGM2JTIxMnpWV3gxWW1WNUxDQkxZV3pFc1cwZ1Uyc3VJRTV2T2pnc0lEQTJNell3SUVGc2RNU3hibVJoeEo4dlFXNXJZWEpoJTIxNWUwJTIxM20yJTIxMXN0ciUyMTJzdHIlMjE0djE2MDUxMDQzMzc2MjglMjE1bTIlMjExc3RyJTIxMnN0ciUyMiUyMHdpZHRoJTNEJTIyMTAwJTI1JTIyJTIwaGVpZ2h0JTNEJTIyNDUwJTIyJTIwZnJhbWVib3JkZXIlM0QlMjIwJTIyJTIwc3R5bGUlM0QlMjJib3JkZXIlM0EwJTNCJTIyJTIwYWxsb3dmdWxsc2NyZWVuJTNEJTIyJTIyJTIwYXJpYS1oaWRkZW4lM0QlMjJmYWxzZSUyMiUyMHRhYmluZGV4JTNEJTIyMCUyMiUzRSUzQyUyRmlmcmFtZSUzRQ==&#8221;][\/vc_column][\/vc_row]<\/p>\n","protected":false},"excerpt":{"rendered":"<p>[vc_row el_class=&#8221;under-menu-topbar&#8221;][vc_column][rev_slider_vc alias=&#8221;corporate-slider&#8221;][\/vc_column][\/vc_row][vc_row full_width=&#8221;stretch_row&#8221; gap=&#8221;35&#8243; css=&#8221;.vc_custom_1605106876302{padding-top: 130px !important;padding-bottom: 132px !important;background-color: #f6f6f6 !important;}&#8221;][vc_column css=&#8221;.vc_custom_1516008777154{padding-right: 0px !important;padding-left: 0px !important;}&#8221;][vc_row_inner][vc_column_inner][vc_column_text]Kuruldu\u011fu ilk g\u00fcnden bug\u00fcne [&hellip;]<\/p>\n","protected":false},"author":1,"featured_media":0,"parent":0,"menu_order":0,"comment_status":"closed","ping_status":"closed","template":"","meta":[],"_links":{"self":[{"href":"https:\/\/www.bilgenmobilya.com.tr\/index.php?rest_route=\/wp\/v2\/pages\/7421"}],"collection":[{"href":"https:\/\/www.bilgenmobilya.com.tr\/index.php?rest_route=\/wp\/v2\/pages"}],"about":[{"href":"https:\/\/www.bilgenmobilya.com.tr\/index.php?rest_route=\/wp\/v2\/types\/page"}],"author":[{"embeddable":true,"href":"https:\/\/www.bilgenmobilya.com.tr\/index.php?rest_route=\/wp\/v2\/users\/1"}],"replies":[{"embeddable":true,"href":"https:\/\/www.bilgenmobilya.com.tr\/index.php?rest_route=%2Fwp%2Fv2%2Fcomments&post=7421"}],"version-history":[{"count":35,"href":"https:\/\/www.bilgenmobilya.com.tr\/index.php?rest_route=\/wp\/v2\/pages\/7421\/revisions"}],"predecessor-version":[{"id":7872,"href":"https:\/\/www.bilgenmobilya.com.tr\/index.php?rest_route=\/wp\/v2\/pages\/7421\/revisions\/7872"}],"wp:attachment":[{"href":"https:\/\/www.bilgenmobilya.com.tr\/index.php?rest_route=%2Fwp%2Fv2%2Fmedia&parent=7421"}],"curies":[{"name":"wp","href":"https:\/\/api.w.org\/{rel}","templated":true}]}}